{"id":3,"date":"2023-03-02T09:32:54","date_gmt":"2023-03-02T09:32:54","guid":{"rendered":"http:\/\/ecoflow-reunion.com\/?page_id=3"},"modified":"2023-05-24T09:29:00","modified_gmt":"2023-05-24T05:29:00","slug":"privacy-policy","status":"publish","type":"page","link":"https:\/\/ecoflow-reunion.com\/index.php\/privacy-policy\/","title":{"rendered":"Politique de remboursement"},"content":{"rendered":"\t\t<div data-elementor-type=\"wp-page\" data-elementor-id=\"3\" class=\"elementor elementor-3\">\n\t\t\t\t\t\t<section class=\"elementor-section elementor-top-section elementor-element elementor-element-439e0511 elementor-section-boxed elementor-section-height-default elementor-section-height-default\" data-id=\"439e0511\" data-element_type=\"section\">\n\t\t\t\t\t\t<div class=\"elementor-container elementor-column-gap-default\">\n\t\t\t\t\t<div class=\"elementor-column elementor-col-100 elementor-top-column elementor-element elementor-element-dde18d6\" data-id=\"dde18d6\" data-element_type=\"column\">\n\t\t\t<div class=\"elementor-widget-wrap elementor-element-populated\">\n\t\t\t\t\t\t<div class=\"elementor-element elementor-element-362b940 elementor-widget elementor-widget-text-editor\" data-id=\"362b940\" data-element_type=\"widget\" data-widget_type=\"text-editor.default\">\n\t\t\t\t<div class=\"elementor-widget-container\">\n\t\t\t<style>\/*! elementor - v3.20.0 - 26-03-2024 *\/\n.elementor-widget-text-editor.elementor-drop-cap-view-stacked .elementor-drop-cap{background-color:#69727d;color:#fff}.elementor-widget-text-editor.elementor-drop-cap-view-framed .elementor-drop-cap{color:#69727d;border:3px solid;background-color:transparent}.elementor-widget-text-editor:not(.elementor-drop-cap-view-default) .elementor-drop-cap{margin-top:8px}.elementor-widget-text-editor:not(.elementor-drop-cap-view-default) .elementor-drop-cap-letter{width:1em;height:1em}.elementor-widget-text-editor .elementor-drop-cap{float:left;text-align:center;line-height:1;font-size:50px}.elementor-widget-text-editor .elementor-drop-cap-letter{display:inline-block}<\/style>\t\t\t\t<div class=\"grid__item large--five-sixths push--large--one-twelfth\">\n<div class=\"grid\">\n<div class=\"grid__item large--four-fifths push--large--one-tenth\">\n<div class=\"rte rte--nomargin rte--indented-images\">\n<h5 style=\"text-align: center;\"><b>RETOURS<\/b><\/h5>\n<p>Notre politique dure 30 jours. Si 30 jours se sont \u00e9coul\u00e9s depuis votre achat, nous ne pouvons malheureusement pas vous offrir un remboursement ou un \u00e9change.<\/p>\n<p>Pour pouvoir b\u00e9n\u00e9ficier d\u2019un retour, votre article doit \u00eatre inutilis\u00e9 et dans le m\u00eame \u00e9tat o\u00f9 vous l\u2019avez re\u00e7u. Il doit \u00eatre \u00e9galement dans l\u2019emballage d\u2019origine.<\/p>\n<h5 style=\"text-align: center;\"><b>Remboursements (le cas \u00e9ch\u00e9ant)<\/b><\/h5>\n<p>Une fois que nous aurons re\u00e7u et inspect\u00e9 l\u2019article retourn\u00e9, nous vous enverrons un e-mail pour vous confirmer que nous l\u2019avons bien re\u00e7u. Nous vous informerons \u00e9galement de notre d\u00e9cision quant \u00e0 l\u2019approbation ou au rejet de votre demande de remboursement.<\/p>\n<p>Si votre demande est approuv\u00e9e, alors votre remboursement sera trait\u00e9, et un cr\u00e9dit sera automatiquement appliqu\u00e9 \u00e0 votre carte de cr\u00e9dit ou \u00e0 votre m\u00e9thode originale de paiement, dans un d\u00e9lai d\u2019un certain nombre de jours.<\/p>\n<h5 style=\"text-align: center;\"><b>Remboursements en retard ou manquants (le cas \u00e9ch\u00e9ant)<\/b><\/h5>\n<p>Si vous n\u2019avez pas encore re\u00e7u votre remboursement, veuillez d\u2019abord consulter votre compte bancaire \u00e0 nouveau.<\/p>\n<p>Ensuite, contactez l\u2019entit\u00e9 \u00e9mettrice de votre carte de cr\u00e9dit, car il pourrait y avoir un d\u00e9lai avant que votre remboursement ne soit officiellement affich\u00e9.<\/p>\n<p>Ensuite, contactez votre banque. Il y a souvent un d\u00e9lai de traitement n\u00e9cessaire avant qu\u2019un remboursement ne soit affich\u00e9.<\/p>\n<p>Si apr\u00e8s avoir effectu\u00e9 toutes ces \u00e9tapes, vous n\u2019avez toujours pas re\u00e7u votre remboursement, veuillez s\u2019il vous plait nous contacter via le formulaire de contact sur notre site.<\/p>\n<h5 style=\"text-align: center;\"><b>Articles sold\u00e9s (le cas \u00e9ch\u00e9ant)<\/b><\/h5>\n<p>Seuls les articles \u00e0 prix courant peuvent \u00eatre rembours\u00e9s. Malheureusement, les articles sold\u00e9s ne sont pas remboursables.<\/p>\n<h5 style=\"text-align: center;\"><b>\u00c9changes (le cas \u00e9ch\u00e9ant)<\/b><\/h5>\n<p>Nous rempla\u00e7ons un article seulement s\u2019il est d\u00e9fectueux ou endommag\u00e9. Si dans ce cas vous souhaitez l\u2019\u00e9changer contre le m\u00eame article, contactez nous via le formulaire de contact.<\/p>\n<h5 style=\"text-align: center;\"><b>Cadeaux<\/b><\/h5>\n<p>Si l\u2019article retourn\u00e9 \u00e9tait identifi\u00e9 comme un cadeau lors de l\u2019achat et s\u2019il vous a \u00e9t\u00e9 envoy\u00e9 directement, vous recevrez un cr\u00e9dit-cadeau d\u2019une valeur \u00e9gale \u00e0 celle de votre retour. Une fois que nous aurons re\u00e7u l\u2019article retourn\u00e9, un ch\u00e8que-cadeau vous sera envoy\u00e9 par courrier.<\/p>\n<\/div>\n<\/div>\n<\/div>\n<\/div>\t\t\t\t\t\t<\/div>\n\t\t\t\t<\/div>\n\t\t\t\t\t<\/div>\n\t\t<\/div>\n\t\t\t\t\t<\/div>\n\t\t<\/section>\n\t\t\t\t<\/div>\n\t\t","protected":false},"excerpt":{"rendered":"<p>RETOURS Notre politique dure 30 jours. Si 30 jours se sont \u00e9coul\u00e9s depuis votre achat, nous ne pouvons malheureusement pas vous offrir un remboursement ou un \u00e9change. Pour pouvoir b\u00e9n\u00e9ficier d\u2019un retour, votre article doit \u00eatre inutilis\u00e9 et dans le m\u00eame \u00e9tat o\u00f9 vous l\u2019avez re\u00e7u. Il doit \u00eatre \u00e9galement dans l\u2019emballage d\u2019origine. Remboursements (le [&hellip;]<\/p>\n","protected":false},"author":1,"featured_media":0,"parent":0,"menu_order":0,"comment_status":"closed","ping_status":"open","template":"","meta":{"site-sidebar-layout":"default","site-content-layout":"","ast-site-content-layout":"","site-content-style":"default","site-sidebar-style":"default","ast-global-header-display":"","ast-banner-title-visibility":"","ast-main-header-display":"","ast-hfb-above-header-display":"","ast-hfb-below-header-display":"","ast-hfb-mobile-header-display":"","site-post-title":"","ast-breadcrumbs-content":"","ast-featured-img":"","footer-sml-layout":"","theme-transparent-header-meta":"","adv-header-id-meta":"","stick-header-meta":"","header-above-stick-meta":"","header-main-stick-meta":"","header-below-stick-meta":"","astra-migrate-meta-layouts":"default","ast-page-background-enabled":"default","ast-page-background-meta":{"desktop":{"background-color":"","background-image":"","background-repeat":"repeat","background-position":"center center","background-size":"auto","background-attachment":"scroll","background-type":"","background-media":"","overlay-type":"","overlay-color":"","overlay-gradient":""},"tablet":{"background-color":"","background-image":"","background-repeat":"repeat","background-position":"center center","background-size":"auto","background-attachment":"scroll","background-type":"","background-media":"","overlay-type":"","overlay-color":"","overlay-gradient":""},"mobile":{"background-color":"","background-image":"","background-repeat":"repeat","background-position":"center center","background-size":"auto","background-attachment":"scroll","background-type":"","background-media":"","overlay-type":"","overlay-color":"","overlay-gradient":""}},"ast-content-background-meta":{"desktop":{"background-color":"var(--ast-global-color-5)","background-image":"","background-repeat":"repeat","background-position":"center center","background-size":"auto","background-attachment":"scroll","background-type":"","background-media":"","overlay-type":"","overlay-color":"","overlay-gradient":""},"tablet":{"background-color":"var(--ast-global-color-5)","background-image":"","background-repeat":"repeat","background-position":"center center","background-size":"auto","background-attachment":"scroll","background-type":"","background-media":"","overlay-type":"","overlay-color":"","overlay-gradient":""},"mobile":{"background-color":"var(--ast-global-color-5)","background-image":"","background-repeat":"repeat","background-position":"center center","background-size":"auto","background-attachment":"scroll","background-type":"","background-media":"","overlay-type":"","overlay-color":"","overlay-gradient":""}},"footnotes":""},"aioseo_notices":[],"jetpack_sharing_enabled":true,"_links":{"self":[{"href":"https:\/\/ecoflow-reunion.com\/index.php\/wp-json\/wp\/v2\/pages\/3"}],"collection":[{"href":"https:\/\/ecoflow-reunion.com\/index.php\/wp-json\/wp\/v2\/pages"}],"about":[{"href":"https:\/\/ecoflow-reunion.com\/index.php\/wp-json\/wp\/v2\/types\/page"}],"author":[{"embeddable":true,"href":"https:\/\/ecoflow-reunion.com\/index.php\/wp-json\/wp\/v2\/users\/1"}],"replies":[{"embeddable":true,"href":"https:\/\/ecoflow-reunion.com\/index.php\/wp-json\/wp\/v2\/comments?post=3"}],"version-history":[{"count":7,"href":"https:\/\/ecoflow-reunion.com\/index.php\/wp-json\/wp\/v2\/pages\/3\/revisions"}],"predecessor-version":[{"id":2220,"href":"https:\/\/ecoflow-reunion.com\/index.php\/wp-json\/wp\/v2\/pages\/3\/revisions\/2220"}],"wp:attachment":[{"href":"https:\/\/ecoflow-reunion.com\/index.php\/wp-json\/wp\/v2\/media?parent=3"}],"curies":[{"name":"wp","href":"https:\/\/api.w.org\/{rel}","templated":true}]}}