{"id":1089,"date":"2021-04-05T07:46:40","date_gmt":"2021-04-05T03:46:40","guid":{"rendered":"https:\/\/ecoflow-reunion.com\/index.php\/product\/bicycle-helmet-green\/"},"modified":"2024-03-09T00:56:36","modified_gmt":"2024-03-08T20:56:36","slug":"telecommande-delta-pro","status":"publish","type":"product","link":"https:\/\/ecoflow-reunion.com\/index.php\/product\/telecommande-delta-pro\/","title":{"rendered":"T\u00e9l\u00e9commande de contr\u00f4le pour DELTA Pro"},"content":{"rendered":"","protected":false},"excerpt":{"rendered":"<p><b>La premi\u00e8re de son genre :<\/b> La premi\u00e8re t\u00e9l\u00e9commande pour g\u00e9n\u00e9rateur \u00e9lectrique portable, con\u00e7ue pour le DELTA Pro. Id\u00e9ale si vous stockez votre DELTA Pro dans un garage, grenier ou sous-sol. Connectez-la via Bluetooth ou Ethernet et obtenez un second \u00e9cran o\u00f9 que vous soyez.<\/p>\n<p><b>Surveillez votre \u00e9nergie :<\/b> L\u2019affichage indique la quantit\u00e9 d\u2019\u00e9nergie utilis\u00e9e, le temps de batterie restant ainsi que toutes les informations que le DELTA Pro vous propose. Vous pouvez aussi activer ou d\u00e9sactiver les sorties de courant alternatif, de courant continu, ou l\u2019unit\u00e9 tout enti\u00e8re.<\/p>\n<p><b>Deux fa\u00e7ons de se connecter : <\/b>D\u00e9placez-vous avec votre \u00e9cran lorsque vous \u00eates connect\u00e9s en Bluetooth\u00a0; installez-le et oubliez-le avec une connexion filaire qui fonctionne sur de plus longues distances.<\/p>\n<p><b>Contr\u00f4lez \u00e0 distance\u00a0: <\/b>Une fois votre t\u00e9l\u00e9commande configur\u00e9e, vous pouvez contr\u00f4ler votre g\u00e9n\u00e9rateur \u00e9lectrique portable \u00e0 distance. C\u2019est id\u00e9al lorsque votre DELTA Pro est install\u00e9 avec des panneaux solaires ou un chargeur.<\/p>\n<p><i><\/i> <em><strong>Note\u00a0: cet accessoire est uniquement compatible avec l\u2019EcoFlow DELTA Pro.<\/strong><\/em><\/p>\n","protected":false},"featured_media":1903,"comment_status":"open","ping_status":"closed","template":"","meta":{"site-sidebar-layout":"default","site-content-layout":"default","ast-site-content-layout":"","site-content-style":"default","site-sidebar-style":"default","ast-global-header-display":"","ast-banner-title-visibility":"","ast-main-header-display":"","ast-hfb-above-header-display":"","ast-hfb-below-header-display":"","ast-hfb-mobile-header-display":"","site-post-title":"disabled","ast-breadcrumbs-content":"disabled","ast-featured-img":"","footer-sml-layout":"","theme-transparent-header-meta":"default","adv-header-id-meta":"","stick-header-meta":"default","header-above-stick-meta":"","header-main-stick-meta":"","header-below-stick-meta":"","astra-migrate-meta-layouts":"default","ast-page-background-enabled":"default","ast-page-background-meta":{"desktop":{"background-color":"","background-image":"","background-repeat":"repeat","background-position":"center center","background-size":"auto","background-attachment":"scroll","background-type":"","background-media":"","overlay-type":"","overlay-color":"","overlay-gradient":""},"tablet":{"background-color":"","background-image":"","background-repeat":"repeat","background-position":"center center","background-size":"auto","background-attachment":"scroll","background-type":"","background-media":"","overlay-type":"","overlay-color":"","overlay-gradient":""},"mobile":{"background-color":"","background-image":"","background-repeat":"repeat","background-position":"center center","background-size":"auto","background-attachment":"scroll","background-type":"","background-media":"","overlay-type":"","overlay-color":"","overlay-gradient":""}},"ast-content-background-meta":{"desktop":{"background-color":"var(--ast-global-color-5)","background-image":"","background-repeat":"repeat","background-position":"center center","background-size":"auto","background-attachment":"scroll","background-type":"","background-media":"","overlay-type":"","overlay-color":"","overlay-gradient":""},"tablet":{"background-color":"var(--ast-global-color-5)","background-image":"","background-repeat":"repeat","background-position":"center center","background-size":"auto","background-attachment":"scroll","background-type":"","background-media":"","overlay-type":"","overlay-color":"","overlay-gradient":""},"mobile":{"background-color":"var(--ast-global-color-5)","background-image":"","background-repeat":"repeat","background-position":"center center","background-size":"auto","background-attachment":"scroll","background-type":"","background-media":"","overlay-type":"","overlay-color":"","overlay-gradient":""}}},"product_cat":[29],"product_tag":[],"aioseo_notices":[],"jetpack_sharing_enabled":true,"_links":{"self":[{"href":"https:\/\/ecoflow-reunion.com\/index.php\/wp-json\/wp\/v2\/product\/1089"}],"collection":[{"href":"https:\/\/ecoflow-reunion.com\/index.php\/wp-json\/wp\/v2\/product"}],"about":[{"href":"https:\/\/ecoflow-reunion.com\/index.php\/wp-json\/wp\/v2\/types\/product"}],"replies":[{"embeddable":true,"href":"https:\/\/ecoflow-reunion.com\/index.php\/wp-json\/wp\/v2\/comments?post=1089"}],"version-history":[{"count":2,"href":"https:\/\/ecoflow-reunion.com\/index.php\/wp-json\/wp\/v2\/product\/1089\/revisions"}],"predecessor-version":[{"id":2139,"href":"https:\/\/ecoflow-reunion.com\/index.php\/wp-json\/wp\/v2\/product\/1089\/revisions\/2139"}],"wp:featuredmedia":[{"embeddable":true,"href":"https:\/\/ecoflow-reunion.com\/index.php\/wp-json\/wp\/v2\/media\/1903"}],"wp:attachment":[{"href":"https:\/\/ecoflow-reunion.com\/index.php\/wp-json\/wp\/v2\/media?parent=1089"}],"wp:term":[{"taxonomy":"product_cat","embeddable":true,"href":"https:\/\/ecoflow-reunion.com\/index.php\/wp-json\/wp\/v2\/product_cat?post=1089"},{"taxonomy":"product_tag","embeddable":true,"href":"https:\/\/ecoflow-reunion.com\/index.php\/wp-json\/wp\/v2\/product_tag?post=1089"}],"curies":[{"name":"wp","href":"https:\/\/api.w.org\/{rel}","templated":true}]}}