{"id":1090,"date":"2021-04-05T07:47:11","date_gmt":"2021-04-05T03:47:11","guid":{"rendered":"https:\/\/ecoflow-reunion.com\/index.php\/product\/bicycle-helmet-sky-blue\/"},"modified":"2024-03-14T13:50:21","modified_gmt":"2024-03-14T09:50:21","slug":"cable-solaire-xt60","status":"publish","type":"product","link":"https:\/\/ecoflow-reunion.com\/index.php\/product\/cable-solaire-xt60\/","title":{"rendered":"C\u00e2ble solaire \u00e0 XT60 EcoFlow"},"content":{"rendered":"","protected":false},"excerpt":{"rendered":"<p class=\"shipping-time\"><span style=\"color: #00ccff;\"><strong>C\u00e2ble solaire \u00e0 XT60\/XT60i EcoFlow<\/strong><\/span><\/p>\n<p>Connectez un panneau solaire \u00e0 une station \u00e9lectrique EcoFlow pour une alimentation propre, efficace et fiable o\u00f9 que vous alliez.<br \/>\nLe c\u00e2ble \u00e0 XT60 EcoFlow (3,5 m) \/ c\u00e2ble \u00e0 XT60i EcoFlow (2,5 m) vous permet de connecter une station \u00e9lectrique portable EcoFlow \u00e0 un panneau solaire.<\/p>\n<p><span style=\"color: #00ccff;\"><strong>Sp\u00e9cifications <\/strong>&#8211;\u00a0C\u00e2ble solaire \u00e0 XT60<\/span><\/p>\n<p><strong>Fonctionne mieux avec <\/strong>&#8211;\u00a0RIVER mini\/RIVER\/RIVER Max\/RIVER Pro\/DELTA mini\/DELTA\/DELTA Max (1600)<br \/>\n<strong>Type de c\u00e2ble <\/strong>&#8211; C\u00e2ble solaire \u00e0 XT60<br \/>\n<strong>Longueur\u00a0<\/strong>&#8211; 3.5m<br \/>\n<strong>Contenu de la bo\u00eete <\/strong>&#8211; 1\u00a0c\u00e2ble solaire \u00e0 XT60 EcoFlow de 3,5 m<\/p>\n","protected":false},"featured_media":1889,"comment_status":"open","ping_status":"closed","template":"","meta":{"site-sidebar-layout":"default","site-content-layout":"default","ast-site-content-layout":"","site-content-style":"default","site-sidebar-style":"default","ast-global-header-display":"","ast-banner-title-visibility":"","ast-main-header-display":"","ast-hfb-above-header-display":"","ast-hfb-below-header-display":"","ast-hfb-mobile-header-display":"","site-post-title":"disabled","ast-breadcrumbs-content":"disabled","ast-featured-img":"","footer-sml-layout":"","theme-transparent-header-meta":"default","adv-header-id-meta":"","stick-header-meta":"default","header-above-stick-meta":"","header-main-stick-meta":"","header-below-stick-meta":"","astra-migrate-meta-layouts":"default","ast-page-background-enabled":"default","ast-page-background-meta":{"desktop":{"background-color":"","background-image":"","background-repeat":"repeat","background-position":"center center","background-size":"auto","background-attachment":"scroll","background-type":"","background-media":"","overlay-type":"","overlay-color":"","overlay-gradient":""},"tablet":{"background-color":"","background-image":"","background-repeat":"repeat","background-position":"center center","background-size":"auto","background-attachment":"scroll","background-type":"","background-media":"","overlay-type":"","overlay-color":"","overlay-gradient":""},"mobile":{"background-color":"","background-image":"","background-repeat":"repeat","background-position":"center center","background-size":"auto","background-attachment":"scroll","background-type":"","background-media":"","overlay-type":"","overlay-color":"","overlay-gradient":""}},"ast-content-background-meta":{"desktop":{"background-color":"var(--ast-global-color-5)","background-image":"","background-repeat":"repeat","background-position":"center center","background-size":"auto","background-attachment":"scroll","background-type":"","background-media":"","overlay-type":"","overlay-color":"","overlay-gradient":""},"tablet":{"background-color":"var(--ast-global-color-5)","background-image":"","background-repeat":"repeat","background-position":"center center","background-size":"auto","background-attachment":"scroll","background-type":"","background-media":"","overlay-type":"","overlay-color":"","overlay-gradient":""},"mobile":{"background-color":"var(--ast-global-color-5)","background-image":"","background-repeat":"repeat","background-position":"center center","background-size":"auto","background-attachment":"scroll","background-type":"","background-media":"","overlay-type":"","overlay-color":"","overlay-gradient":""}}},"product_cat":[30,29],"product_tag":[],"aioseo_notices":[],"jetpack_sharing_enabled":true,"_links":{"self":[{"href":"https:\/\/ecoflow-reunion.com\/index.php\/wp-json\/wp\/v2\/product\/1090"}],"collection":[{"href":"https:\/\/ecoflow-reunion.com\/index.php\/wp-json\/wp\/v2\/product"}],"about":[{"href":"https:\/\/ecoflow-reunion.com\/index.php\/wp-json\/wp\/v2\/types\/product"}],"replies":[{"embeddable":true,"href":"https:\/\/ecoflow-reunion.com\/index.php\/wp-json\/wp\/v2\/comments?post=1090"}],"version-history":[{"count":5,"href":"https:\/\/ecoflow-reunion.com\/index.php\/wp-json\/wp\/v2\/product\/1090\/revisions"}],"predecessor-version":[{"id":1900,"href":"https:\/\/ecoflow-reunion.com\/index.php\/wp-json\/wp\/v2\/product\/1090\/revisions\/1900"}],"wp:featuredmedia":[{"embeddable":true,"href":"https:\/\/ecoflow-reunion.com\/index.php\/wp-json\/wp\/v2\/media\/1889"}],"wp:attachment":[{"href":"https:\/\/ecoflow-reunion.com\/index.php\/wp-json\/wp\/v2\/media?parent=1090"}],"wp:term":[{"taxonomy":"product_cat","embeddable":true,"href":"https:\/\/ecoflow-reunion.com\/index.php\/wp-json\/wp\/v2\/product_cat?post=1090"},{"taxonomy":"product_tag","embeddable":true,"href":"https:\/\/ecoflow-reunion.com\/index.php\/wp-json\/wp\/v2\/product_tag?post=1090"}],"curies":[{"name":"wp","href":"https:\/\/api.w.org\/{rel}","templated":true}]}}