{"id":1091,"date":"2021-04-05T07:48:36","date_gmt":"2021-04-05T03:48:36","guid":{"rendered":"https:\/\/ecoflow-reunion.com\/index.php\/product\/bicycle-gloves-yellow\/"},"modified":"2025-01-10T11:32:26","modified_gmt":"2025-01-10T07:32:26","slug":"sac-etanche-delta-2","status":"publish","type":"product","link":"https:\/\/ecoflow-reunion.com\/index.php\/product\/sac-etanche-delta-2\/","title":{"rendered":"Sac \u00e9tanche EcoFlow DELTA 2"},"content":{"rendered":"","protected":false},"excerpt":{"rendered":"<p>Le sac \u00e9tanche DELTA 2 d&#8217;EcoFlow garantit la facilit\u00e9 d&#8217;utilisation du syst\u00e8me DELTA 2 tout en le prot\u00e9geant de l&#8217;eau, des d\u00e9bris et des dommages lors de vos d\u00e9placements.<\/p>\n<p><strong>Points forts<\/strong><\/p>\n<p><strong>1.<\/strong>Fabriqu\u00e9 \u00e0 partir d&#8217;un mat\u00e9riau l\u00e9ger, \u00e9tanche et r\u00e9sistant \u00e0 l&#8217;usure qui prot\u00e8ge DELTA 2 des intemp\u00e9ries ou des chocs et des \u00e9raflures lors des d\u00e9placements.<\/p>\n<p><strong>2.<\/strong>Con\u00e7u pour prot\u00e9ger le syst\u00e8me tout en garantissant l&#8217;acc\u00e8s \u00e0 toutes les prises \u00e9lectriques, la poign\u00e9e. Un couvercle transparent pour l&#8217;\u00e9cran LCD vous permet de surveiller l&#8217;unit\u00e9 DELTA 2 en toute simplicit\u00e9, tout en prot\u00e9geant l&#8217;\u00e9cran des rayures.<\/p>\n<p><strong>Contenu de la bo\u00eete<\/strong><\/p>\n<p>Sac \u00e9tanche EcoFlow DELTA 2<\/p>\n<p>* Ce sac est vendu dans toutes les r\u00e9gions et n&#8217;est pas limit\u00e9 par les types de prises.<\/p>\n","protected":false},"featured_media":1920,"comment_status":"open","ping_status":"closed","template":"","meta":{"site-sidebar-layout":"default","site-content-layout":"default","ast-site-content-layout":"","site-content-style":"default","site-sidebar-style":"default","ast-global-header-display":"","ast-banner-title-visibility":"","ast-main-header-display":"","ast-hfb-above-header-display":"","ast-hfb-below-header-display":"","ast-hfb-mobile-header-display":"","site-post-title":"disabled","ast-breadcrumbs-content":"disabled","ast-featured-img":"","footer-sml-layout":"","theme-transparent-header-meta":"default","adv-header-id-meta":"","stick-header-meta":"","header-above-stick-meta":"","header-main-stick-meta":"","header-below-stick-meta":"","astra-migrate-meta-layouts":"default","ast-page-background-enabled":"default","ast-page-background-meta":{"desktop":{"background-color":"","background-image":"","background-repeat":"repeat","background-position":"center center","background-size":"auto","background-attachment":"scroll","background-type":"","background-media":"","overlay-type":"","overlay-color":"","overlay-gradient":""},"tablet":{"background-color":"","background-image":"","background-repeat":"repeat","background-position":"center center","background-size":"auto","background-attachment":"scroll","background-type":"","background-media":"","overlay-type":"","overlay-color":"","overlay-gradient":""},"mobile":{"background-color":"","background-image":"","background-repeat":"repeat","background-position":"center center","background-size":"auto","background-attachment":"scroll","background-type":"","background-media":"","overlay-type":"","overlay-color":"","overlay-gradient":""}},"ast-content-background-meta":{"desktop":{"background-color":"var(--ast-global-color-5)","background-image":"","background-repeat":"repeat","background-position":"center center","background-size":"auto","background-attachment":"scroll","background-type":"","background-media":"","overlay-type":"","overlay-color":"","overlay-gradient":""},"tablet":{"background-color":"var(--ast-global-color-5)","background-image":"","background-repeat":"repeat","background-position":"center center","background-size":"auto","background-attachment":"scroll","background-type":"","background-media":"","overlay-type":"","overlay-color":"","overlay-gradient":""},"mobile":{"background-color":"var(--ast-global-color-5)","background-image":"","background-repeat":"repeat","background-position":"center center","background-size":"auto","background-attachment":"scroll","background-type":"","background-media":"","overlay-type":"","overlay-color":"","overlay-gradient":""}}},"product_cat":[29],"product_tag":[],"aioseo_notices":[],"jetpack_sharing_enabled":true,"_links":{"self":[{"href":"https:\/\/ecoflow-reunion.com\/index.php\/wp-json\/wp\/v2\/product\/1091"}],"collection":[{"href":"https:\/\/ecoflow-reunion.com\/index.php\/wp-json\/wp\/v2\/product"}],"about":[{"href":"https:\/\/ecoflow-reunion.com\/index.php\/wp-json\/wp\/v2\/types\/product"}],"replies":[{"embeddable":true,"href":"https:\/\/ecoflow-reunion.com\/index.php\/wp-json\/wp\/v2\/comments?post=1091"}],"version-history":[{"count":2,"href":"https:\/\/ecoflow-reunion.com\/index.php\/wp-json\/wp\/v2\/product\/1091\/revisions"}],"predecessor-version":[{"id":1919,"href":"https:\/\/ecoflow-reunion.com\/index.php\/wp-json\/wp\/v2\/product\/1091\/revisions\/1919"}],"wp:featuredmedia":[{"embeddable":true,"href":"https:\/\/ecoflow-reunion.com\/index.php\/wp-json\/wp\/v2\/media\/1920"}],"wp:attachment":[{"href":"https:\/\/ecoflow-reunion.com\/index.php\/wp-json\/wp\/v2\/media?parent=1091"}],"wp:term":[{"taxonomy":"product_cat","embeddable":true,"href":"https:\/\/ecoflow-reunion.com\/index.php\/wp-json\/wp\/v2\/product_cat?post=1091"},{"taxonomy":"product_tag","embeddable":true,"href":"https:\/\/ecoflow-reunion.com\/index.php\/wp-json\/wp\/v2\/product_tag?post=1091"}],"curies":[{"name":"wp","href":"https:\/\/api.w.org\/{rel}","templated":true}]}}