{"id":631,"date":"2021-03-24T10:03:33","date_gmt":"2021-03-24T06:03:33","guid":{"rendered":"https:\/\/ecoflow-reunion.com\/index.php\/product\/bicycle-helmet-red\/"},"modified":"2024-06-30T12:16:20","modified_gmt":"2024-06-30T08:16:20","slug":"sac-river-2","status":"publish","type":"product","link":"https:\/\/ecoflow-reunion.com\/index.php\/product\/sac-river-2\/","title":{"rendered":"Sac \u00e0 dos compatible RIVER 2 EcoFlow"},"content":{"rendered":"","protected":false},"excerpt":{"rendered":"<p><strong>RANGEMENT FLEXIBLE<br \/>\n<\/strong>Notre sac \u00e0 dos de voyage de 30 L peut accueillir un ordinateur portable de 15,6 pouces, ainsi que tous vos accessoires essentiels : v\u00eatements, livres, bouteilles d&#8217;eau ou encore parapluies. Taille maximale : 42 cm x 12 cm x 32 cm et taille minimale : 38 cm x 12 cm x 32 cm.<\/p>\n<p><strong>PARTIE SUP\u00c9RIEURE REPLIABLE AVEC BOUCLE<\/strong><br \/>\nLe sac \u00e0 dos est ajustable : il se replie facilement \u00e0 la taille souhait\u00e9e, avec une boucle robuste comme syst\u00e8me de fixation. Acc\u00e9dez rapidement et facilement \u00e0 vos objets gr\u00e2ce aux fermetures \u00e9clair sur le dessus et au dos.<\/p>\n<p><strong>MAT\u00c9RIAUX ROBUSTES<\/strong><br \/>\nCe sac \u00e0 dos de voyage repliable allie confort, style et design durable. Il est fabriqu\u00e9 en tissu imperm\u00e9able et ultra-r\u00e9sistant. Les fermetures \u00e9clair et la boucle renforc\u00e9es permettent de ranger vos affaires en toute s\u00e9curit\u00e9. Les bretelles en S et le panneau arri\u00e8re en maille respirante offrent un confort optimal lorsque le sac \u00e0 dos est port\u00e9.<\/p>\n<p><strong>ADAPT\u00c9 aux stations \u00e9lectriques portables EcoFlow RIVER 2<\/strong><br \/>\nEmplacement d\u00e9di\u00e9 pour ranger et transporter confortablement les produits RIVER 2, RIVER 2 Max ou RIVER 2 Pro.<\/p>\n","protected":false},"featured_media":1916,"comment_status":"open","ping_status":"closed","template":"","meta":{"site-sidebar-layout":"default","site-content-layout":"default","ast-site-content-layout":"","site-content-style":"default","site-sidebar-style":"default","ast-global-header-display":"","ast-banner-title-visibility":"","ast-main-header-display":"","ast-hfb-above-header-display":"","ast-hfb-below-header-display":"","ast-hfb-mobile-header-display":"","site-post-title":"disabled","ast-breadcrumbs-content":"disabled","ast-featured-img":"","footer-sml-layout":"","theme-transparent-header-meta":"default","adv-header-id-meta":"","stick-header-meta":"","header-above-stick-meta":"","header-main-stick-meta":"","header-below-stick-meta":"","astra-migrate-meta-layouts":"default","ast-page-background-enabled":"default","ast-page-background-meta":{"desktop":{"background-color":"","background-image":"","background-repeat":"repeat","background-position":"center center","background-size":"auto","background-attachment":"scroll","background-type":"","background-media":"","overlay-type":"","overlay-color":"","overlay-gradient":""},"tablet":{"background-color":"","background-image":"","background-repeat":"repeat","background-position":"center center","background-size":"auto","background-attachment":"scroll","background-type":"","background-media":"","overlay-type":"","overlay-color":"","overlay-gradient":""},"mobile":{"background-color":"","background-image":"","background-repeat":"repeat","background-position":"center center","background-size":"auto","background-attachment":"scroll","background-type":"","background-media":"","overlay-type":"","overlay-color":"","overlay-gradient":""}},"ast-content-background-meta":{"desktop":{"background-color":"var(--ast-global-color-5)","background-image":"","background-repeat":"repeat","background-position":"center center","background-size":"auto","background-attachment":"scroll","background-type":"","background-media":"","overlay-type":"","overlay-color":"","overlay-gradient":""},"tablet":{"background-color":"var(--ast-global-color-5)","background-image":"","background-repeat":"repeat","background-position":"center center","background-size":"auto","background-attachment":"scroll","background-type":"","background-media":"","overlay-type":"","overlay-color":"","overlay-gradient":""},"mobile":{"background-color":"var(--ast-global-color-5)","background-image":"","background-repeat":"repeat","background-position":"center center","background-size":"auto","background-attachment":"scroll","background-type":"","background-media":"","overlay-type":"","overlay-color":"","overlay-gradient":""}}},"product_cat":[30],"product_tag":[],"aioseo_notices":[],"jetpack_sharing_enabled":true,"_links":{"self":[{"href":"https:\/\/ecoflow-reunion.com\/index.php\/wp-json\/wp\/v2\/product\/631"}],"collection":[{"href":"https:\/\/ecoflow-reunion.com\/index.php\/wp-json\/wp\/v2\/product"}],"about":[{"href":"https:\/\/ecoflow-reunion.com\/index.php\/wp-json\/wp\/v2\/types\/product"}],"replies":[{"embeddable":true,"href":"https:\/\/ecoflow-reunion.com\/index.php\/wp-json\/wp\/v2\/comments?post=631"}],"version-history":[{"count":3,"href":"https:\/\/ecoflow-reunion.com\/index.php\/wp-json\/wp\/v2\/product\/631\/revisions"}],"predecessor-version":[{"id":1912,"href":"https:\/\/ecoflow-reunion.com\/index.php\/wp-json\/wp\/v2\/product\/631\/revisions\/1912"}],"wp:featuredmedia":[{"embeddable":true,"href":"https:\/\/ecoflow-reunion.com\/index.php\/wp-json\/wp\/v2\/media\/1916"}],"wp:attachment":[{"href":"https:\/\/ecoflow-reunion.com\/index.php\/wp-json\/wp\/v2\/media?parent=631"}],"wp:term":[{"taxonomy":"product_cat","embeddable":true,"href":"https:\/\/ecoflow-reunion.com\/index.php\/wp-json\/wp\/v2\/product_cat?post=631"},{"taxonomy":"product_tag","embeddable":true,"href":"https:\/\/ecoflow-reunion.com\/index.php\/wp-json\/wp\/v2\/product_tag?post=631"}],"curies":[{"name":"wp","href":"https:\/\/api.w.org\/{rel}","templated":true}]}}